{"id":2420,"date":"2017-02-16T09:29:24","date_gmt":"2017-02-16T06:29:24","guid":{"rendered":"http:\/\/bioretina.net\/2022\/anasayfa\/"},"modified":"2023-01-14T15:30:45","modified_gmt":"2023-01-14T12:30:45","slug":"anasayfa","status":"publish","type":"page","link":"https:\/\/bioretina.net\/ar\/","title":{"rendered":"Anasayfa"},"content":{"rendered":"<div id=\"pl-2420\"  class=\"panel-layout panel-is-rtl\" ><div id=\"pg-2420-0\"  class=\"panel-grid panel-has-style\" ><div class=\"flexbox-row siteorigin-panels-stretch panel-row-style panel-row-style-for-2420-0\" data-stretch-type=\"full-stretched-padded\" ><div id=\"pgc-2420-0-0\"  class=\"panel-grid-cell\" ><div id=\"panel-2420-0-0-0\" class=\"so-panel widget widget_sow-button panel-first-child panel-last-child\" data-index=\"0\" ><div class=\"panel-widget-style panel-widget-style-for-2420-0-0-0\" ><div\n\t\t\t\n\t\t\tclass=\"so-widget-sow-button so-widget-sow-button-flat-45295f9b84e2-2420\"\n\t\t\t\n\t\t><div class=\"ow-button-base ow-button-align-justify\">\n\t<a href=\"https:\/\/www.linkedin.com\/company\/bioretina\/\" class=\"ow-icon-placement-top ow-button-hover\" \t\t>\n\t\t<span>\n\t\t\t<span class=\"sow-icon-elegantline\" data-sow-icon=\"&#xe062;\"\n\t\t \n\t\taria-hidden=\"true\"><\/span>\n\t\t\t\u064a\u0646\u0643\u062f\u064a\u0646\t\t<\/span>\n\t<\/a>\n<\/div>\n<\/div><\/div><\/div><\/div><div id=\"pgc-2420-0-1\"  class=\"panel-grid-cell\" ><div id=\"panel-2420-0-1-0\" class=\"so-panel widget widget_sow-button panel-first-child panel-last-child\" data-index=\"1\" ><div class=\"panel-widget-style panel-widget-style-for-2420-0-1-0\" ><div\n\t\t\t\n\t\t\tclass=\"so-widget-sow-button so-widget-sow-button-flat-4e7e20026d24-2420\"\n\t\t\t\n\t\t><div class=\"ow-button-base ow-button-align-justify\">\n\t<a href=\"https:\/\/bioretina.net\/en\/stem-cell-and-gene-therapy\/\" class=\"ow-icon-placement-top ow-button-hover\" \t\t>\n\t\t<span>\n\t\t\t<span class=\"sow-icon-fontawesome sow-far\" data-sow-icon=\"&#xf0f8;\"\n\t\t \n\t\taria-hidden=\"true\"><\/span>\n\t\t\t\u0627\u0644\u0637\u0628 \u0627\u0644\u062a\u0635\u0627\u0644\u062d\u064a \u0627\u0644\u062a\u062c\u062f\u064a\u062f\u064a\t\t<\/span>\n\t<\/a>\n<\/div>\n<\/div><\/div><\/div><\/div><div id=\"pgc-2420-0-2\"  class=\"panel-grid-cell\" ><div id=\"panel-2420-0-2-0\" class=\"so-panel widget widget_sow-button panel-first-child panel-last-child\" data-index=\"2\" ><div class=\"panel-widget-style panel-widget-style-for-2420-0-2-0\" ><div\n\t\t\t\n\t\t\tclass=\"so-widget-sow-button so-widget-sow-button-flat-45295f9b84e2-2420\"\n\t\t\t\n\t\t><div class=\"ow-button-base ow-button-align-justify\">\n\t<a href=\"https:\/\/www.youtube.com\/watch?v=A6kJJSuYI_Q\" class=\"ow-icon-placement-top ow-button-hover\" \t\t>\n\t\t<span>\n\t\t\t<span class=\"sow-icon-fontawesome sow-far\" data-sow-icon=\"&#xf06e;\"\n\t\t \n\t\taria-hidden=\"true\"><\/span>\n\t\t\t\u062a\u0645\u0627\u0631\u064a\u0646 \u0627\u0644\u0634\u0628\u0643\u064a\u0629\t\t<\/span>\n\t<\/a>\n<\/div>\n<\/div><\/div><\/div><\/div><\/div><\/div><div id=\"pg-2420-1\"  class=\"panel-grid panel-no-style\" ><div id=\"pgc-2420-1-0\"  class=\"panel-grid-cell\" ><div id=\"panel-2420-1-0-0\" class=\"so-panel widget widget_sow-post-carousel panel-first-child panel-last-child\" data-index=\"3\" ><div\n\t\t\t\n\t\t\tclass=\"so-widget-sow-post-carousel so-widget-sow-post-carousel-base-f79712cd714a-2420\"\n\t\t\t\n\t\t>\t<div\n\t\tclass=\"sow-post-carousel-wrapper sow-post-carousel-theme-base\"\n\t\tstyle=\"overflow: hidden; max-width: 100%; min-height: 182px\"\n\t>\n\t\t<div class=\"sow-carousel-title has-title\">\n\t<h3 class=\"widget-title\"><span class=\"widget-title__inline\">\u0623\u0645\u0631\u0627\u0636 \u0627\u0644\u0639\u064a\u0648\u0646<\/span><\/h3>\t\t<div class=\"sow-carousel-navigation \">\n\t\t\t\t\t\t<a href=\"#\" class=\"sow-carousel-next\" title=\"Next\" aria-label=\"Next Posts\" role=\"button\"><\/a>\n\t\t\t\t\t\t<a href=\"#\" class=\"sow-carousel-previous\" title=\"Previous\" aria-label=\"Previous Posts\" role=\"button\"><\/a>\n\t\t\t\t\t<\/div>\n\t<\/div>\n\n<div class=\"sow-carousel-container \">\n\t\t<div class=\"sow-carousel-wrapper\"\n\t\tdata-dir=\"rtl\"\n\t\tstyle=\"opacity: 0;\"\n\t\tdata-widget=\"post\" data-fetching=\"false\" data-page=\"1\" data-ajax-url=\"https:\/\/bioretina.net\/wp-admin\/admin-ajax.php?_widgets_nonce=bb92e24f8e\" data-item_count=\"8\" data-carousel_settings=\"{&quot;loop&quot;:true,&quot;animation&quot;:&quot;ease&quot;,&quot;animation_speed&quot;:800,&quot;autoplay&quot;:false,&quot;pauseOnHover&quot;:false,&quot;autoplaySpeed&quot;:8000,&quot;item_overflow&quot;:true,&quot;autoplay_continuous_scroll&quot;:false}\" data-responsive=\"{&quot;desktop_slides_to_scroll&quot;:1,&quot;tablet_landscape_breakpoint&quot;:1366,&quot;tablet_landscape_slides_to_scroll&quot;:2,&quot;tablet_portrait_breakpoint&quot;:1025,&quot;tablet_portrait_slides_to_scroll&quot;:2,&quot;mobile_breakpoint&quot;:480,&quot;mobile_slides_to_scroll&quot;:1}\" data-variable_width=\"true\" \t>\n\t\t<div\n\t\t\tclass=\"sow-carousel-items\"\n\t\t\t\t\t>\n\t\t\t\t<div class=\"sow-carousel-item\" tabindex=\"-1\" style=\"float: left;\">\n\t\t<div class=\"sow-carousel-thumbnail\">\n\t\t\t\t\t\t\t<a\n\t\t\t\thref=\"https:\/\/bioretina.net\/ar\/%d8%a3%d9%85%d8%b1%d8%a7%d8%b6-%d8%a7%d9%84%d8%b9%d8%b5%d8%a8-%d8%a7%d9%84%d8%a8%d8%b5%d8%b1%d9%8a-%d8%a7%d9%84%d8%b9%d8%b5%d8%a8-%d8%a7%d9%84%d8%a8%d8%b5%d8%b1%d9%8a-%d9%88%d8%a7%d9%84%d8%a2%d8%ab-2\/\"\n\t\t\t\t\t\t\t\t\t\tstyle=\"background-image: url( https:\/\/bioretina.net\/wp-content\/uploads\/2017\/10\/optik-sinir-hasaliklari-1-1-272x182.jpg )\"\n\t\t\t\t\taria-labelledby=\"sow-carousel-id-3410\"\n\t\t\t\t\ttabindex=\"-1\"\n\t\t\t\t>\n\t\t\t\t\t<span class=\"overlay\"><\/span>\n\t\t\t\t<\/a>\n\t\t\t\t\t<\/div>\n\t\t<h3 class=\"sow-carousel-item-title\">\n\t\t\t<a\n\t\t\t\thref=\"https:\/\/bioretina.net\/ar\/%d8%a3%d9%85%d8%b1%d8%a7%d8%b6-%d8%a7%d9%84%d8%b9%d8%b5%d8%a8-%d8%a7%d9%84%d8%a8%d8%b5%d8%b1%d9%8a-%d8%a7%d9%84%d8%b9%d8%b5%d8%a8-%d8%a7%d9%84%d8%a8%d8%b5%d8%b1%d9%8a-%d9%88%d8%a7%d9%84%d8%a2%d8%ab-2\/\"\n\t\t\t\tid=\"sow-carousel-id-3410\"\n\t\t\t\t\t\t\t\ttabindex=\"-1\"\n\t\t\t>\n\n\t\t\t\t\u0623\u0645\u0631\u0627\u0636 \u0627\u0644\u0639\u0635\u0628 \u0627\u0644\u0628\u0635\u0631\u064a (\u0627\u0644\u0639\u0635\u0628 \u0627\u0644\u0628\u0635\u0631\u064a) \u0648\u0627\u0644\u0622\u062b\u0627\u0631 \u0627\u0644\u0628\u0635\u0631\u064a\u0629 (\u0627\u0644\u062c\u0631\u0627\u062d\u0629 \u0627\u0644\u0639\u0635\u0628\u064a\u0629 \u0627\u0644\u0628\u0635\u0631\u064a\u0629)\t\t\t<\/a>\n\t\t<\/h3>\n\t<\/div>\n\t<div class=\"sow-carousel-item\" tabindex=\"-1\" style=\"float: left;\">\n\t\t<div class=\"sow-carousel-thumbnail\">\n\t\t\t\t\t\t\t<a\n\t\t\t\thref=\"https:\/\/bioretina.net\/ar\/%d8%a7%d8%b9%d8%aa%d9%84%d8%a7%d9%84-%d8%a7%d9%84%d8%b4%d8%a8%d9%83%d9%8a%d8%a9-%d8%a7%d9%84%d8%b3%d9%83%d8%b1%d9%8a-%d9%86%d8%b2%d9%8a%d9%81-%d8%a8%d8%b3%d8%a8%d8%a8-%d9%85%d8%b1%d8%b6-%d8%a7%d9%84\/\"\n\t\t\t\t\t\t\t\t\t\tstyle=\"background-image: url( https:\/\/bioretina.net\/wp-content\/uploads\/2017\/10\/DIYABETIK-RETINOPATI-8-1-272x182.jpg )\"\n\t\t\t\t\taria-labelledby=\"sow-carousel-id-3356\"\n\t\t\t\t\ttabindex=\"-1\"\n\t\t\t\t>\n\t\t\t\t\t<span class=\"overlay\"><\/span>\n\t\t\t\t<\/a>\n\t\t\t\t\t<\/div>\n\t\t<h3 class=\"sow-carousel-item-title\">\n\t\t\t<a\n\t\t\t\thref=\"https:\/\/bioretina.net\/ar\/%d8%a7%d8%b9%d8%aa%d9%84%d8%a7%d9%84-%d8%a7%d9%84%d8%b4%d8%a8%d9%83%d9%8a%d8%a9-%d8%a7%d9%84%d8%b3%d9%83%d8%b1%d9%8a-%d9%86%d8%b2%d9%8a%d9%81-%d8%a8%d8%b3%d8%a8%d8%a8-%d9%85%d8%b1%d8%b6-%d8%a7%d9%84\/\"\n\t\t\t\tid=\"sow-carousel-id-3356\"\n\t\t\t\t\t\t\t\ttabindex=\"-1\"\n\t\t\t>\n\n\t\t\t\t\u0627\u0639\u062a\u0644\u0627\u0644 \u0627\u0644\u0634\u0628\u0643\u064a\u0629 \u0627\u0644\u0633\u0643\u0631\u064a (\u0646\u0632\u064a\u0641 \u0628\u0633\u0628\u0628 \u0645\u0631\u0636 \u0627\u0644\u0633\u0643\u0631\u064a)\t\t\t<\/a>\n\t\t<\/h3>\n\t<\/div>\n\t<div class=\"sow-carousel-item\" tabindex=\"-1\" style=\"float: left;\">\n\t\t<div class=\"sow-carousel-thumbnail\">\n\t\t\t\t\t\t\t<a\n\t\t\t\thref=\"https:\/\/bioretina.net\/ar\/%d8%a7%d9%84%d8%ac%d9%84%d9%88%d9%83%d9%88%d9%85%d8%a7-%d8%b6%d8%ba%d8%b7-%d8%a7%d9%84%d8%b9%d9%8a%d9%86\/\"\n\t\t\t\t\t\t\t\t\t\tstyle=\"background-image: url( https:\/\/bioretina.net\/wp-content\/uploads\/2017\/10\/glokom-nedir-272x182.jpg )\"\n\t\t\t\t\taria-labelledby=\"sow-carousel-id-3354\"\n\t\t\t\t\ttabindex=\"-1\"\n\t\t\t\t>\n\t\t\t\t\t<span class=\"overlay\"><\/span>\n\t\t\t\t<\/a>\n\t\t\t\t\t<\/div>\n\t\t<h3 class=\"sow-carousel-item-title\">\n\t\t\t<a\n\t\t\t\thref=\"https:\/\/bioretina.net\/ar\/%d8%a7%d9%84%d8%ac%d9%84%d9%88%d9%83%d9%88%d9%85%d8%a7-%d8%b6%d8%ba%d8%b7-%d8%a7%d9%84%d8%b9%d9%8a%d9%86\/\"\n\t\t\t\tid=\"sow-carousel-id-3354\"\n\t\t\t\t\t\t\t\ttabindex=\"-1\"\n\t\t\t>\n\n\t\t\t\t\u0627\u0644\u062c\u0644\u0648\u0643\u0648\u0645\u0627 (\u0636\u063a\u0637 \u0627\u0644\u0639\u064a\u0646)\t\t\t<\/a>\n\t\t<\/h3>\n\t<\/div>\n\t<div class=\"sow-carousel-item\" tabindex=\"-1\" style=\"float: left;\">\n\t\t<div class=\"sow-carousel-thumbnail\">\n\t\t\t\t\t\t\t<a\n\t\t\t\thref=\"https:\/\/bioretina.net\/ar\/%d8%a7%d9%84%d9%82%d9%84%d8%a7%d8%b9\/\"\n\t\t\t\t\t\t\t\t\t\tstyle=\"background-image: url( https:\/\/bioretina.net\/wp-content\/uploads\/2017\/10\/katarakt-6-1-272x182.jpg )\"\n\t\t\t\t\taria-labelledby=\"sow-carousel-id-3352\"\n\t\t\t\t\ttabindex=\"-1\"\n\t\t\t\t>\n\t\t\t\t\t<span class=\"overlay\"><\/span>\n\t\t\t\t<\/a>\n\t\t\t\t\t<\/div>\n\t\t<h3 class=\"sow-carousel-item-title\">\n\t\t\t<a\n\t\t\t\thref=\"https:\/\/bioretina.net\/ar\/%d8%a7%d9%84%d9%82%d9%84%d8%a7%d8%b9\/\"\n\t\t\t\tid=\"sow-carousel-id-3352\"\n\t\t\t\t\t\t\t\ttabindex=\"-1\"\n\t\t\t>\n\n\t\t\t\t\u0627\u0644\u0642\u0644\u0627\u0639\t\t\t<\/a>\n\t\t<\/h3>\n\t<\/div>\n\t<div class=\"sow-carousel-item\" tabindex=\"-1\" style=\"float: left;\">\n\t\t<div class=\"sow-carousel-thumbnail\">\n\t\t\t\t\t\t\t<a\n\t\t\t\thref=\"https:\/\/bioretina.net\/ar\/%d8%a7%d9%86%d9%81%d8%b5%d8%a7%d9%84-%d8%a7%d9%84%d8%b4%d8%a8%d9%83%d9%8a%d8%a9\/\"\n\t\t\t\t\t\t\t\t\t\tstyle=\"background-image: url( https:\/\/bioretina.net\/wp-content\/uploads\/2017\/10\/RETINA-DEKOLMANI-11-1-272x182.jpg )\"\n\t\t\t\t\taria-labelledby=\"sow-carousel-id-3350\"\n\t\t\t\t\ttabindex=\"-1\"\n\t\t\t\t>\n\t\t\t\t\t<span class=\"overlay\"><\/span>\n\t\t\t\t<\/a>\n\t\t\t\t\t<\/div>\n\t\t<h3 class=\"sow-carousel-item-title\">\n\t\t\t<a\n\t\t\t\thref=\"https:\/\/bioretina.net\/ar\/%d8%a7%d9%86%d9%81%d8%b5%d8%a7%d9%84-%d8%a7%d9%84%d8%b4%d8%a8%d9%83%d9%8a%d8%a9\/\"\n\t\t\t\tid=\"sow-carousel-id-3350\"\n\t\t\t\t\t\t\t\ttabindex=\"-1\"\n\t\t\t>\n\n\t\t\t\t\u0627\u0646\u0641\u0635\u0627\u0644 \u0627\u0644\u0634\u0628\u0643\u064a\u0629\t\t\t<\/a>\n\t\t<\/h3>\n\t<\/div>\n\t<div class=\"sow-carousel-item\" tabindex=\"-1\" style=\"float: left;\">\n\t\t<div class=\"sow-carousel-thumbnail\">\n\t\t\t\t\t\t\t<a\n\t\t\t\thref=\"https:\/\/bioretina.net\/ar\/retinitis-pigmentosa-rp-night-blindness\/\"\n\t\t\t\t\t\t\t\t\t\tstyle=\"background-image: url( https:\/\/bioretina.net\/wp-content\/uploads\/2017\/10\/HER-YIL-GORME-KAYBI-VE-GORME-ALANINDA-DARALMA-ARTAR-1-272x182.jpg )\"\n\t\t\t\t\taria-labelledby=\"sow-carousel-id-3347\"\n\t\t\t\t\ttabindex=\"-1\"\n\t\t\t\t>\n\t\t\t\t\t<span class=\"overlay\"><\/span>\n\t\t\t\t<\/a>\n\t\t\t\t\t<\/div>\n\t\t<h3 class=\"sow-carousel-item-title\">\n\t\t\t<a\n\t\t\t\thref=\"https:\/\/bioretina.net\/ar\/retinitis-pigmentosa-rp-night-blindness\/\"\n\t\t\t\tid=\"sow-carousel-id-3347\"\n\t\t\t\t\t\t\t\ttabindex=\"-1\"\n\t\t\t>\n\n\t\t\t\t\u0627\u0644\u062a\u0647\u0627\u0628 \u0627\u0644\u0634\u0628\u0643\u064a\u0629 \u0627\u0644\u0635\u0628\u063a\u064a (RP) \u0627\u0644\u0639\u0645\u0649 \u0627\u0644\u0644\u064a\u0644\u064a\t\t\t<\/a>\n\t\t<\/h3>\n\t<\/div>\n\t<div class=\"sow-carousel-item\" tabindex=\"-1\" style=\"float: left;\">\n\t\t<div class=\"sow-carousel-thumbnail\">\n\t\t\t\t\t\t\t<a\n\t\t\t\thref=\"https:\/\/bioretina.net\/ar\/%d8%a7%d9%84%d8%a7%d9%86%d8%ad%d8%af%d8%a7%d8%b1-%d8%a7%d9%84%d9%83%d9%84%d9%8a-%d8%a7%d9%84%d8%b4%d9%8a%d8%ae%d9%88%d8%ae%d8%a9-%d8%a7%d9%84%d8%b4%d9%8a%d8%ae%d9%88%d8%ae%d8%a9-%d8%a7%d9%84%d8%a8\/\"\n\t\t\t\t\t\t\t\t\t\tstyle=\"background-image: url( https:\/\/bioretina.net\/wp-content\/uploads\/2017\/10\/sari-nokta-13-1-272x182.jpg )\"\n\t\t\t\t\taria-labelledby=\"sow-carousel-id-3338\"\n\t\t\t\t\ttabindex=\"-1\"\n\t\t\t\t>\n\t\t\t\t\t<span class=\"overlay\"><\/span>\n\t\t\t\t<\/a>\n\t\t\t\t\t<\/div>\n\t\t<h3 class=\"sow-carousel-item-title\">\n\t\t\t<a\n\t\t\t\thref=\"https:\/\/bioretina.net\/ar\/%d8%a7%d9%84%d8%a7%d9%86%d8%ad%d8%af%d8%a7%d8%b1-%d8%a7%d9%84%d9%83%d9%84%d9%8a-%d8%a7%d9%84%d8%b4%d9%8a%d8%ae%d9%88%d8%ae%d8%a9-%d8%a7%d9%84%d8%b4%d9%8a%d8%ae%d9%88%d8%ae%d8%a9-%d8%a7%d9%84%d8%a8\/\"\n\t\t\t\tid=\"sow-carousel-id-3338\"\n\t\t\t\t\t\t\t\ttabindex=\"-1\"\n\t\t\t>\n\n\t\t\t\t\u0627\u0644\u0627\u0646\u062d\u062f\u0627\u0631 \u0627\u0644\u0643\u0644\u064a (\u0627\u0644\u0634\u064a\u062e\u0648\u062e\u0629 \/ \u0627\u0644\u0634\u064a\u062e\u0648\u062e\u0629 \u0627\u0644\u0628\u0642\u0639\u064a \u0627\u0644\u0645\u0631\u062a\u0628\u0637 \u0628\u0627\u0644\u0639\u0645\u0631)\t\t\t<\/a>\n\t\t<\/h3>\n\t<\/div>\n\t<div class=\"sow-carousel-item\" tabindex=\"-1\" style=\"float: left;\">\n\t\t<div class=\"sow-carousel-thumbnail\">\n\t\t\t\t\t\t\t<a\n\t\t\t\thref=\"https:\/\/bioretina.net\/ar\/%d8%a7%d9%84%d8%aa%d8%b1%d8%a7%d9%83%d9%85%d8%a7%d8%aa-%d8%a7%d9%84%d9%88%d8%b9%d8%a7%d8%a6%d9%8a%d8%a9-%d8%a7%d9%84%d8%b1%d9%8a%d8%aa%d9%8a%d9%86%d9%8a%d8%a9\/\"\n\t\t\t\t\t\t\t\t\t\tstyle=\"background-image: url( https:\/\/bioretina.net\/wp-content\/uploads\/2018\/06\/retina-damar-tikanikligi-1-272x182.jpg )\"\n\t\t\t\t\taria-labelledby=\"sow-carousel-id-3335\"\n\t\t\t\t\ttabindex=\"-1\"\n\t\t\t\t>\n\t\t\t\t\t<span class=\"overlay\"><\/span>\n\t\t\t\t<\/a>\n\t\t\t\t\t<\/div>\n\t\t<h3 class=\"sow-carousel-item-title\">\n\t\t\t<a\n\t\t\t\thref=\"https:\/\/bioretina.net\/ar\/%d8%a7%d9%84%d8%aa%d8%b1%d8%a7%d9%83%d9%85%d8%a7%d8%aa-%d8%a7%d9%84%d9%88%d8%b9%d8%a7%d8%a6%d9%8a%d8%a9-%d8%a7%d9%84%d8%b1%d9%8a%d8%aa%d9%8a%d9%86%d9%8a%d8%a9\/\"\n\t\t\t\tid=\"sow-carousel-id-3335\"\n\t\t\t\t\t\t\t\ttabindex=\"-1\"\n\t\t\t>\n\n\t\t\t\t\u0627\u0644\u062a\u0631\u0627\u0643\u0645\u0627\u062a \u0627\u0644\u0648\u0639\u0627\u0626\u064a\u0629 \u0627\u0644\u0631\u064a\u062a\u064a\u0646\u064a\u0629\t\t\t<\/a>\n\t\t<\/h3>\n\t<\/div>\n\t\t<\/div>\n\t\t\t<\/div>\n\n\t<\/div>\n\t\t<input type=\"hidden\" name=\"instance_hash\" value=\"c2e72f1f\"\/>\n\t<\/div>\n<\/div><\/div><\/div><\/div><div id=\"pg-2420-2\"  class=\"panel-grid panel-has-style\" ><div class=\"siteorigin-panels-stretch panel-row-style panel-row-style-for-2420-2\" data-stretch-type=\"full\" ><div id=\"pgc-2420-2-0\"  class=\"panel-grid-cell\" ><div id=\"panel-2420-2-0-0\" class=\"so-panel widget widget_sow-editor panel-first-child panel-last-child\" data-index=\"4\" ><div class=\"panel-widget-style panel-widget-style-for-2420-2-0-0\" ><div\n\t\t\t\n\t\t\tclass=\"so-widget-sow-editor so-widget-sow-editor-base\"\n\t\t\t\n\t\t>\n<div class=\"siteorigin-widget-tinymce textwidget\">\n\t<pre id=\"tw-target-text\" class=\"tw-data-text tw-text-large tw-ta\" dir=\"rtl\" data-placeholder=\"\u00c7eviri\"><span class=\"Y2IQFc\" lang=\"ar\"><span style=\"color: #ff0000;\">\u062a\u0628\u0648\u0643<\/span>:\n\u062d\u064a \u0628\u0634\u062a\u064a\u0628\u064a \u060c\n\u0627\u0644\u062d\u064a\u0627\u0629 \u0633\u064a \u062f\u064a. \u0631\u0642\u0645: 13 \/ \u0623 \u0645\u0643\u062a\u0628 \u0646\u064a\u0648\u0631\u0627\u0645\u0627 56\n(\u0628\u062c\u0627\u0646\u0628 \u0645\u0642\u0631 Akparti \u0648\u0645\u0633\u062a\u0634\u0641\u0649 TOBB ETU)\n\u0633\u0648\u063a\u0648\u062a\u0648\u0632\u0648 \/ \u0623\u0646\u0642\u0631\u0629<\/span><\/pre>\n<\/div>\n<\/div><\/div><\/div><\/div><div id=\"pgc-2420-2-1\"  class=\"panel-grid-cell\" ><div id=\"panel-2420-2-1-0\" class=\"so-panel widget widget_pw_icon_list widget-icon-list panel-first-child panel-last-child\" data-index=\"5\" ><div class=\"panel-widget-style panel-widget-style-for-2420-2-1-0\" >\t\t\t<div class=\"icon-list\">\n\t\t\t\t\n\t\t\t\t\t<div class=\"icon-list__item  icon-list__item--featured\">\n\t\t\t\t\t\t<i class=\"fa  fa-whatsapp\" aria-hidden=\"true\"><\/i>\n\t\t\t\t\t\t\t\t\t\t\t\t<div class=\"icon-list__content\">\n\t\t\t\t\t\t\t<div class=\"icon-list__description\">\n\t\t\t\t\t\t\t\t\u0631\u0642\u0645 \u0627\u0644\u0648\u0627\u062a\u0633 \u0627\u0628\t\t\t\t\t\t\t<\/div>\n\t\t\t\t\t\t\t\t\t\t\t\t\t<div class=\"icon-list__text\">\n\t\t\t\t\t\t\t\t+90 0505 502 51 66\t\t\t\t\t\t\t<\/div>\n\t\t\t\t\t\t\t\t\t\t\t\t<\/div>\n\t\t\t\t\t\t\t\t\t\t\t<\/div>\n\t\t\t\t\n\t\t\t\t\t<div class=\"icon-list__item  icon-list__item--featured\">\n\t\t\t\t\t\t<i class=\"fa  fa-phone\" aria-hidden=\"true\"><\/i>\n\t\t\t\t\t\t\t\t\t\t\t\t<div class=\"icon-list__content\">\n\t\t\t\t\t\t\t<div class=\"icon-list__description\">\n\t\t\t\t\t\t\t\t \u0631\u0642\u0645 \u0627\u0644\u0627\u062a\u0635\u0627\u0644 \u0644\u062f\u064a\u0646\u0627\t\t\t\t\t\t\t<\/div>\n\t\t\t\t\t\t\t\t\t\t\t\t\t<div class=\"icon-list__text\">\n\t\t\t\t\t\t\t\t+90 0312 284 43 13\t\t\t\t\t\t\t<\/div>\n\t\t\t\t\t\t\t\t\t\t\t\t<\/div>\n\t\t\t\t\t\t\t\t\t\t\t<\/div>\n\t\t\t\t\n\t\t\t\t\t<a href=\"https:\/\/goo.gl\/maps\/Nhbj8M3B2Gw\" class=\"icon-list__item  icon-list__item--featured\">\n\t\t\t\t\t\t<i class=\"fa  fa-map-marker\" aria-hidden=\"true\"><\/i>\n\t\t\t\t\t\t\t\t\t\t\t\t<div class=\"icon-list__content\">\n\t\t\t\t\t\t\t<div class=\"icon-list__description\">\n\t\t\t\t\t\t\t\t\t\t\t\t\t\t\t<\/div>\n\t\t\t\t\t\t\t\t\t\t\t\t\t<div class=\"icon-list__text\">\n\t\t\t\t\t\t\t\t\u062a\u0639\u0631\u064a\u0641 \u0627\u0644\u0637\u0631\u064a\u0642\t\t\t\t\t\t\t<\/div>\n\t\t\t\t\t\t\t\t\t\t\t\t<\/div>\n\t\t\t\t\t\t\t\t\t\t\t<\/a>\n\t\t\t\t\t\t\t<\/div>\n\n\t\t<\/div><\/div><\/div><div id=\"pgc-2420-2-2\"  class=\"panel-grid-cell\" ><div id=\"panel-2420-2-2-0\" class=\"so-panel widget widget_sow-editor panel-first-child panel-last-child\" data-index=\"6\" ><div\n\t\t\t\n\t\t\tclass=\"so-widget-sow-editor so-widget-sow-editor-base\"\n\t\t\t\n\t\t>\n<div class=\"siteorigin-widget-tinymce textwidget\">\n\t<h4 style=\"text-align: center;\"><span style=\"color: #ff0000;\">\u0631\u0648\u0627\u0628\u0637 \u0645\u0647\u0645\u0629<\/span><\/h4>\n<h6 style=\"text-align: center;\"><strong><a href=\"http:\/\/eminozmert.com\/\">Prof.Dr.Emin \u00d6ZMERT<\/a><\/strong><br \/>\n<strong><a href=\"https:\/\/drumutarslan.com\/\">Do\u00e7. Dr. Umut ARSLAN<\/a><\/strong><br \/>\n<strong><a href=\"http:\/\/www.todnet.org\/home\/\">T\u00fcrk Oftalmoloji Derne\u011fi<\/a><\/strong><\/h6>\n<\/div>\n<\/div><\/div><\/div><\/div><\/div><\/div>","protected":false},"excerpt":{"rendered":"<p>\u062a\u0628\u0648\u0643: \u062d\u064a \u0628\u0634\u062a\u064a\u0628\u064a \u060c \u0627\u0644\u062d\u064a\u0627\u0629 \u0633\u064a \u062f\u064a. \u0631\u0642\u0645: 13 \/ \u0623 \u0645\u0643\u062a\u0628 \u0646\u064a\u0648\u0631\u0627\u0645\u0627 56 (\u0628\u062c\u0627\u0646\u0628 \u0645\u0642\u0631 Akparti \u0648\u0645\u0633\u062a\u0634\u0641\u0649 TOBB ETU) \u0633\u0648\u063a\u0648\u062a\u0648\u0632\u0648 \/ \u0623\u0646\u0642\u0631\u0629 \u0631\u0648\u0627\u0628\u0637 \u0645\u0647\u0645\u0629 Prof.Dr.Emin \u00d6ZMERT Do\u00e7. Dr. Umut ARSLAN T\u00fcrk Oftalmoloji Derne\u011fi<\/p>\n","protected":false},"author":1,"featured_media":0,"parent":0,"menu_order":0,"comment_status":"closed","ping_status":"closed","template":"template-front-page-slider.php","meta":{"_monsterinsights_skip_tracking":false,"_monsterinsights_sitenote_active":false,"_monsterinsights_sitenote_note":"","_monsterinsights_sitenote_category":0,"footnotes":""},"class_list":{"0":"post-2420","1":"page","2":"type-page","3":"status-publish","5":"clearfix","6":"article"},"acf":[],"_links":{"self":[{"href":"https:\/\/bioretina.net\/ar\/wp-json\/wp\/v2\/pages\/2420","targetHints":{"allow":["GET"]}}],"collection":[{"href":"https:\/\/bioretina.net\/ar\/wp-json\/wp\/v2\/pages"}],"about":[{"href":"https:\/\/bioretina.net\/ar\/wp-json\/wp\/v2\/types\/page"}],"author":[{"embeddable":true,"href":"https:\/\/bioretina.net\/ar\/wp-json\/wp\/v2\/users\/1"}],"replies":[{"embeddable":true,"href":"https:\/\/bioretina.net\/ar\/wp-json\/wp\/v2\/comments?post=2420"}],"version-history":[{"count":37,"href":"https:\/\/bioretina.net\/ar\/wp-json\/wp\/v2\/pages\/2420\/revisions"}],"predecessor-version":[{"id":7214,"href":"https:\/\/bioretina.net\/ar\/wp-json\/wp\/v2\/pages\/2420\/revisions\/7214"}],"wp:attachment":[{"href":"https:\/\/bioretina.net\/ar\/wp-json\/wp\/v2\/media?parent=2420"}],"curies":[{"name":"wp","href":"https:\/\/api.w.org\/{rel}","templated":true}]}}