{"id":3877,"date":"2017-02-16T09:29:24","date_gmt":"2017-02-16T06:29:24","guid":{"rendered":"http:\/\/bioretina.net\/2022\/anasayfa\/"},"modified":"2023-01-14T15:40:32","modified_gmt":"2023-01-14T12:40:32","slug":"anasayfa","status":"publish","type":"page","link":"https:\/\/bioretina.net\/nl\/","title":{"rendered":"Anasayfa"},"content":{"rendered":"<div id=\"pl-3877\"  class=\"panel-layout\" ><div id=\"pg-3877-0\"  class=\"panel-grid panel-has-style\" ><div class=\"flexbox-row siteorigin-panels-stretch panel-row-style panel-row-style-for-3877-0\" data-stretch-type=\"full-stretched-padded\" ><div id=\"pgc-3877-0-0\"  class=\"panel-grid-cell\" ><div id=\"panel-3877-0-0-0\" class=\"so-panel widget widget_sow-button panel-first-child panel-last-child\" data-index=\"0\" ><div class=\"panel-widget-style panel-widget-style-for-3877-0-0-0\" ><div\n\t\t\t\n\t\t\tclass=\"so-widget-sow-button so-widget-sow-button-flat-9214ae806fac-3877\"\n\t\t\t\n\t\t><div class=\"ow-button-base ow-button-align-justify\">\n\t<a href=\"https:\/\/www.linkedin.com\/company\/bioretina\/\" class=\"ow-icon-placement-top ow-button-hover\" \t\t>\n\t\t<span>\n\t\t\t<span class=\"sow-icon-elegantline\" data-sow-icon=\"&#xe062;\"\n\t\t \n\t\taria-hidden=\"true\"><\/span>\n\t\t\tLinkedin Bioretina\t\t<\/span>\n\t<\/a>\n<\/div>\n<\/div><\/div><\/div><\/div><div id=\"pgc-3877-0-1\"  class=\"panel-grid-cell\" ><div id=\"panel-3877-0-1-0\" class=\"so-panel widget widget_sow-button panel-first-child panel-last-child\" data-index=\"1\" ><div class=\"panel-widget-style panel-widget-style-for-3877-0-1-0\" ><div\n\t\t\t\n\t\t\tclass=\"so-widget-sow-button so-widget-sow-button-flat-4e7e20026d24-3877\"\n\t\t\t\n\t\t><div class=\"ow-button-base ow-button-align-justify\">\n\t<a href=\"https:\/\/bioretina.net\/en\/stem-cell-and-gene-therapy\/\" class=\"ow-icon-placement-top ow-button-hover\" \t\t>\n\t\t<span>\n\t\t\t<span class=\"sow-icon-fontawesome sow-far\" data-sow-icon=\"&#xf0f8;\"\n\t\t \n\t\taria-hidden=\"true\"><\/span>\n\t\t\tRegeneratieve Herstellende Geneeskunde\t\t<\/span>\n\t<\/a>\n<\/div>\n<\/div><\/div><\/div><\/div><div id=\"pgc-3877-0-2\"  class=\"panel-grid-cell\" ><div id=\"panel-3877-0-2-0\" class=\"so-panel widget widget_sow-button panel-first-child panel-last-child\" data-index=\"2\" ><div class=\"panel-widget-style panel-widget-style-for-3877-0-2-0\" ><div\n\t\t\t\n\t\t\tclass=\"so-widget-sow-button so-widget-sow-button-flat-45295f9b84e2-3877\"\n\t\t\t\n\t\t><div class=\"ow-button-base ow-button-align-justify\">\n\t<a href=\"https:\/\/www.youtube.com\/watch?v=A6kJJSuYI_Q\" class=\"ow-icon-placement-top ow-button-hover\" \t\t>\n\t\t<span>\n\t\t\t<span class=\"sow-icon-fontawesome sow-far\" data-sow-icon=\"&#xf06e;\"\n\t\t \n\t\taria-hidden=\"true\"><\/span>\n\t\t\t Retina-Oefeningen\t\t<\/span>\n\t<\/a>\n<\/div>\n<\/div><\/div><\/div><\/div><\/div><\/div><div id=\"pg-3877-1\"  class=\"panel-grid panel-no-style\" ><div id=\"pgc-3877-1-0\"  class=\"panel-grid-cell\" ><div id=\"panel-3877-1-0-0\" class=\"so-panel widget widget_sow-post-carousel panel-first-child panel-last-child\" data-index=\"3\" ><div\n\t\t\t\n\t\t\tclass=\"so-widget-sow-post-carousel so-widget-sow-post-carousel-base-f79712cd714a-3877\"\n\t\t\t\n\t\t>\t<div\n\t\tclass=\"sow-post-carousel-wrapper sow-post-carousel-theme-base\"\n\t\tstyle=\"overflow: hidden; max-width: 100%; min-height: 182px\"\n\t>\n\t\t<div class=\"sow-carousel-title has-title\">\n\t<h3 class=\"widget-title\"><span class=\"widget-title__inline\">Ziekten<\/span><\/h3>\t\t<div class=\"sow-carousel-navigation \">\n\t\t\t\t\t\t<a href=\"#\" class=\"sow-carousel-next\" title=\"Volgende\" aria-label=\"Volgend Bericht\" role=\"button\"><\/a>\n\t\t\t\t\t\t<a href=\"#\" class=\"sow-carousel-previous\" title=\"Vorige\" aria-label=\"Vorig bericht\" role=\"button\"><\/a>\n\t\t\t\t\t<\/div>\n\t<\/div>\n\n<div class=\"sow-carousel-container \">\n\t\t<div class=\"sow-carousel-wrapper\"\n\t\tdata-dir=\"ltr\"\n\t\tstyle=\"opacity: 0;\"\n\t\tdata-widget=\"post\" data-fetching=\"false\" data-page=\"1\" data-ajax-url=\"https:\/\/bioretina.net\/wp-admin\/admin-ajax.php?_widgets_nonce=bb92e24f8e\" data-item_count=\"8\" data-carousel_settings=\"{&quot;loop&quot;:true,&quot;animation&quot;:&quot;ease&quot;,&quot;animation_speed&quot;:800,&quot;autoplay&quot;:false,&quot;pauseOnHover&quot;:false,&quot;autoplaySpeed&quot;:8000,&quot;item_overflow&quot;:true,&quot;autoplay_continuous_scroll&quot;:false}\" data-responsive=\"{&quot;desktop_slides_to_scroll&quot;:1,&quot;tablet_landscape_breakpoint&quot;:1366,&quot;tablet_landscape_slides_to_scroll&quot;:2,&quot;tablet_portrait_breakpoint&quot;:1025,&quot;tablet_portrait_slides_to_scroll&quot;:2,&quot;mobile_breakpoint&quot;:480,&quot;mobile_slides_to_scroll&quot;:1}\" data-variable_width=\"true\" \t>\n\t\t<div\n\t\t\tclass=\"sow-carousel-items\"\n\t\t\t\t\t>\n\t\t\t\t<div class=\"sow-carousel-item\" tabindex=\"-1\" style=\"float: left;\">\n\t\t<div class=\"sow-carousel-thumbnail\">\n\t\t\t\t\t\t\t<a\n\t\t\t\thref=\"https:\/\/bioretina.net\/nl\/ziekten-van-optische-zenuw-visuele-zenuw-en-optische-banen-optische-neuropathie\/\"\n\t\t\t\t\t\t\t\t\t\tstyle=\"background-image: url( https:\/\/bioretina.net\/wp-content\/uploads\/2017\/10\/optik-sinir-hasaliklari-1-1-272x182.jpg )\"\n\t\t\t\t\taria-labelledby=\"sow-carousel-id-5881\"\n\t\t\t\t\ttabindex=\"-1\"\n\t\t\t\t>\n\t\t\t\t\t<span class=\"overlay\"><\/span>\n\t\t\t\t<\/a>\n\t\t\t\t\t<\/div>\n\t\t<h3 class=\"sow-carousel-item-title\">\n\t\t\t<a\n\t\t\t\thref=\"https:\/\/bioretina.net\/nl\/ziekten-van-optische-zenuw-visuele-zenuw-en-optische-banen-optische-neuropathie\/\"\n\t\t\t\tid=\"sow-carousel-id-5881\"\n\t\t\t\t\t\t\t\ttabindex=\"-1\"\n\t\t\t>\n\n\t\t\t\tZiekten van optische zenuw (visuele zenuw) en optische banen (optische neuropathie)\t\t\t<\/a>\n\t\t<\/h3>\n\t<\/div>\n\t<div class=\"sow-carousel-item\" tabindex=\"-1\" style=\"float: left;\">\n\t\t<div class=\"sow-carousel-thumbnail\">\n\t\t\t\t\t\t\t<a\n\t\t\t\thref=\"https:\/\/bioretina.net\/nl\/diabetische-retinopathie-bloeding-door-diabetes\/\"\n\t\t\t\t\t\t\t\t\t\tstyle=\"background-image: url( https:\/\/bioretina.net\/wp-content\/uploads\/2017\/10\/DIYABETIK-RETINOPATI-8-1-272x182.jpg )\"\n\t\t\t\t\taria-labelledby=\"sow-carousel-id-5886\"\n\t\t\t\t\ttabindex=\"-1\"\n\t\t\t\t>\n\t\t\t\t\t<span class=\"overlay\"><\/span>\n\t\t\t\t<\/a>\n\t\t\t\t\t<\/div>\n\t\t<h3 class=\"sow-carousel-item-title\">\n\t\t\t<a\n\t\t\t\thref=\"https:\/\/bioretina.net\/nl\/diabetische-retinopathie-bloeding-door-diabetes\/\"\n\t\t\t\tid=\"sow-carousel-id-5886\"\n\t\t\t\t\t\t\t\ttabindex=\"-1\"\n\t\t\t>\n\n\t\t\t\tDiabetische retinopathie (bloeding door diabetes)\t\t\t<\/a>\n\t\t<\/h3>\n\t<\/div>\n\t<div class=\"sow-carousel-item\" tabindex=\"-1\" style=\"float: left;\">\n\t\t<div class=\"sow-carousel-thumbnail\">\n\t\t\t\t\t\t\t<a\n\t\t\t\thref=\"https:\/\/bioretina.net\/nl\/glaucoom-oogdruk\/\"\n\t\t\t\t\t\t\t\t\t\tstyle=\"background-image: url( https:\/\/bioretina.net\/wp-content\/uploads\/2017\/10\/glokom-nedir-272x182.jpg )\"\n\t\t\t\t\taria-labelledby=\"sow-carousel-id-5885\"\n\t\t\t\t\ttabindex=\"-1\"\n\t\t\t\t>\n\t\t\t\t\t<span class=\"overlay\"><\/span>\n\t\t\t\t<\/a>\n\t\t\t\t\t<\/div>\n\t\t<h3 class=\"sow-carousel-item-title\">\n\t\t\t<a\n\t\t\t\thref=\"https:\/\/bioretina.net\/nl\/glaucoom-oogdruk\/\"\n\t\t\t\tid=\"sow-carousel-id-5885\"\n\t\t\t\t\t\t\t\ttabindex=\"-1\"\n\t\t\t>\n\n\t\t\t\tGlaucoom (oogdruk)\t\t\t<\/a>\n\t\t<\/h3>\n\t<\/div>\n\t<div class=\"sow-carousel-item\" tabindex=\"-1\" style=\"float: left;\">\n\t\t<div class=\"sow-carousel-thumbnail\">\n\t\t\t\t\t\t\t<a\n\t\t\t\thref=\"https:\/\/bioretina.net\/nl\/staar\/\"\n\t\t\t\t\t\t\t\t\t\tstyle=\"background-image: url( https:\/\/bioretina.net\/wp-content\/uploads\/2017\/10\/katarakt-6-1-272x182.jpg )\"\n\t\t\t\t\taria-labelledby=\"sow-carousel-id-5884\"\n\t\t\t\t\ttabindex=\"-1\"\n\t\t\t\t>\n\t\t\t\t\t<span class=\"overlay\"><\/span>\n\t\t\t\t<\/a>\n\t\t\t\t\t<\/div>\n\t\t<h3 class=\"sow-carousel-item-title\">\n\t\t\t<a\n\t\t\t\thref=\"https:\/\/bioretina.net\/nl\/staar\/\"\n\t\t\t\tid=\"sow-carousel-id-5884\"\n\t\t\t\t\t\t\t\ttabindex=\"-1\"\n\t\t\t>\n\n\t\t\t\tStaar\t\t\t<\/a>\n\t\t<\/h3>\n\t<\/div>\n\t<div class=\"sow-carousel-item\" tabindex=\"-1\" style=\"float: left;\">\n\t\t<div class=\"sow-carousel-thumbnail\">\n\t\t\t\t\t\t\t<a\n\t\t\t\thref=\"https:\/\/bioretina.net\/nl\/netvliesloslating\/\"\n\t\t\t\t\t\t\t\t\t\tstyle=\"background-image: url( https:\/\/bioretina.net\/wp-content\/uploads\/2017\/10\/RETINA-DEKOLMANI-11-1-272x182.jpg )\"\n\t\t\t\t\taria-labelledby=\"sow-carousel-id-5883\"\n\t\t\t\t\ttabindex=\"-1\"\n\t\t\t\t>\n\t\t\t\t\t<span class=\"overlay\"><\/span>\n\t\t\t\t<\/a>\n\t\t\t\t\t<\/div>\n\t\t<h3 class=\"sow-carousel-item-title\">\n\t\t\t<a\n\t\t\t\thref=\"https:\/\/bioretina.net\/nl\/netvliesloslating\/\"\n\t\t\t\tid=\"sow-carousel-id-5883\"\n\t\t\t\t\t\t\t\ttabindex=\"-1\"\n\t\t\t>\n\n\t\t\t\tNetvliesloslating\t\t\t<\/a>\n\t\t<\/h3>\n\t<\/div>\n\t<div class=\"sow-carousel-item\" tabindex=\"-1\" style=\"float: left;\">\n\t\t<div class=\"sow-carousel-thumbnail\">\n\t\t\t\t\t\t\t<a\n\t\t\t\thref=\"https:\/\/bioretina.net\/nl\/retinitis-pigmentosa-rp-nachtblindheid\/\"\n\t\t\t\t\t\t\t\t\t\tstyle=\"background-image: url( https:\/\/bioretina.net\/wp-content\/uploads\/2017\/10\/HER-YIL-GORME-KAYBI-VE-GORME-ALANINDA-DARALMA-ARTAR-1-272x182.jpg )\"\n\t\t\t\t\taria-labelledby=\"sow-carousel-id-5882\"\n\t\t\t\t\ttabindex=\"-1\"\n\t\t\t\t>\n\t\t\t\t\t<span class=\"overlay\"><\/span>\n\t\t\t\t<\/a>\n\t\t\t\t\t<\/div>\n\t\t<h3 class=\"sow-carousel-item-title\">\n\t\t\t<a\n\t\t\t\thref=\"https:\/\/bioretina.net\/nl\/retinitis-pigmentosa-rp-nachtblindheid\/\"\n\t\t\t\tid=\"sow-carousel-id-5882\"\n\t\t\t\t\t\t\t\ttabindex=\"-1\"\n\t\t\t>\n\n\t\t\t\tRetinitis Pigmentosa (RP) Nachtblindheid\t\t\t<\/a>\n\t\t<\/h3>\n\t<\/div>\n\t<div class=\"sow-carousel-item\" tabindex=\"-1\" style=\"float: left;\">\n\t\t<div class=\"sow-carousel-thumbnail\">\n\t\t\t\t\t\t\t<a\n\t\t\t\thref=\"https:\/\/bioretina.net\/nl\/maculadegeneratie-seniele-leeftijdsgerelateerde-maculaire-degeneratie\/\"\n\t\t\t\t\t\t\t\t\t\tstyle=\"background-image: url( https:\/\/bioretina.net\/wp-content\/uploads\/2017\/10\/sari-nokta-13-1-272x182.jpg )\"\n\t\t\t\t\taria-labelledby=\"sow-carousel-id-5880\"\n\t\t\t\t\ttabindex=\"-1\"\n\t\t\t\t>\n\t\t\t\t\t<span class=\"overlay\"><\/span>\n\t\t\t\t<\/a>\n\t\t\t\t\t<\/div>\n\t\t<h3 class=\"sow-carousel-item-title\">\n\t\t\t<a\n\t\t\t\thref=\"https:\/\/bioretina.net\/nl\/maculadegeneratie-seniele-leeftijdsgerelateerde-maculaire-degeneratie\/\"\n\t\t\t\tid=\"sow-carousel-id-5880\"\n\t\t\t\t\t\t\t\ttabindex=\"-1\"\n\t\t\t>\n\n\t\t\t\tMaculadegeneratie (seniele\/leeftijdsgerelateerde maculaire degeneratie)\t\t\t<\/a>\n\t\t<\/h3>\n\t<\/div>\n\t<div class=\"sow-carousel-item\" tabindex=\"-1\" style=\"float: left;\">\n\t\t<div class=\"sow-carousel-thumbnail\">\n\t\t\t\t\t\t\t<a\n\t\t\t\thref=\"https:\/\/bioretina.net\/nl\/retina-vasculaire-occlusies\/\"\n\t\t\t\t\t\t\t\t\t\tstyle=\"background-image: url( https:\/\/bioretina.net\/wp-content\/uploads\/2018\/06\/retina-damar-tikanikligi-1-272x182.jpg )\"\n\t\t\t\t\taria-labelledby=\"sow-carousel-id-5878\"\n\t\t\t\t\ttabindex=\"-1\"\n\t\t\t\t>\n\t\t\t\t\t<span class=\"overlay\"><\/span>\n\t\t\t\t<\/a>\n\t\t\t\t\t<\/div>\n\t\t<h3 class=\"sow-carousel-item-title\">\n\t\t\t<a\n\t\t\t\thref=\"https:\/\/bioretina.net\/nl\/retina-vasculaire-occlusies\/\"\n\t\t\t\tid=\"sow-carousel-id-5878\"\n\t\t\t\t\t\t\t\ttabindex=\"-1\"\n\t\t\t>\n\n\t\t\t\tRetina Vasculaire Occlusies\t\t\t<\/a>\n\t\t<\/h3>\n\t<\/div>\n\t\t<\/div>\n\t\t\t<\/div>\n\n\t<\/div>\n\t\t<input type=\"hidden\" name=\"instance_hash\" value=\"f59abc32\"\/>\n\t<\/div>\n<\/div><\/div><\/div><\/div><div id=\"pg-3877-2\"  class=\"panel-grid panel-has-style\" ><div class=\"siteorigin-panels-stretch panel-row-style panel-row-style-for-3877-2\" data-stretch-type=\"full\" ><div id=\"pgc-3877-2-0\"  class=\"panel-grid-cell\" ><div id=\"panel-3877-2-0-0\" class=\"so-panel widget widget_sow-editor panel-first-child panel-last-child\" data-index=\"4\" ><div class=\"panel-widget-style panel-widget-style-for-3877-2-0-0\" ><div\n\t\t\t\n\t\t\tclass=\"so-widget-sow-editor so-widget-sow-editor-base\"\n\t\t\t\n\t\t>\n<div class=\"siteorigin-widget-tinymce textwidget\">\n\t<h4><span style=\"color: #ff0000;\">Een jurk:<\/span><br \/>\nBuurt Be\u015ftepe,<br \/>\nLeven cd. No:13\/A Neorama Office 56<br \/>\n(Naast Akparti Headquarters en TOBB ETU Hospital)<br \/>\nS\u00f6\u011f\u00fct\u00f6z\u00fc \/ ANKARA<\/h4>\n<\/div>\n<\/div><\/div><\/div><\/div><div id=\"pgc-3877-2-1\"  class=\"panel-grid-cell\" ><div id=\"panel-3877-2-1-0\" class=\"so-panel widget widget_pw_icon_list widget-icon-list panel-first-child panel-last-child\" data-index=\"5\" ><div class=\"panel-widget-style panel-widget-style-for-3877-2-1-0\" >\t\t\t<div class=\"icon-list\">\n\t\t\t\t\n\t\t\t\t\t<div class=\"icon-list__item  icon-list__item--featured\">\n\t\t\t\t\t\t<i class=\"fa  fa-whatsapp\" aria-hidden=\"true\"><\/i>\n\t\t\t\t\t\t\t\t\t\t\t\t<div class=\"icon-list__content\">\n\t\t\t\t\t\t\t<div class=\"icon-list__description\">\n\t\t\t\t\t\t\t\tWhatsApp-Nummer:\t\t\t\t\t\t\t<\/div>\n\t\t\t\t\t\t\t\t\t\t\t\t\t<div class=\"icon-list__text\">\n\t\t\t\t\t\t\t\t+90 0505 502 51 66\t\t\t\t\t\t\t<\/div>\n\t\t\t\t\t\t\t\t\t\t\t\t<\/div>\n\t\t\t\t\t\t\t\t\t\t\t<\/div>\n\t\t\t\t\n\t\t\t\t\t<div class=\"icon-list__item  icon-list__item--featured\">\n\t\t\t\t\t\t<i class=\"fa  fa-phone\" aria-hidden=\"true\"><\/i>\n\t\t\t\t\t\t\t\t\t\t\t\t<div class=\"icon-list__content\">\n\t\t\t\t\t\t\t<div class=\"icon-list__description\">\n\t\t\t\t\t\t\t\t Ons Contactnummer\t\t\t\t\t\t\t<\/div>\n\t\t\t\t\t\t\t\t\t\t\t\t\t<div class=\"icon-list__text\">\n\t\t\t\t\t\t\t\t+90 0312 284 43 13\t\t\t\t\t\t\t<\/div>\n\t\t\t\t\t\t\t\t\t\t\t\t<\/div>\n\t\t\t\t\t\t\t\t\t\t\t<\/div>\n\t\t\t\t\n\t\t\t\t\t<a href=\"https:\/\/goo.gl\/maps\/Nhbj8M3B2Gw\" class=\"icon-list__item  icon-list__item--featured\">\n\t\t\t\t\t\t<i class=\"fa  fa-map-marker\" aria-hidden=\"true\"><\/i>\n\t\t\t\t\t\t\t\t\t\t\t\t<div class=\"icon-list__content\">\n\t\t\t\t\t\t\t<div class=\"icon-list__description\">\n\t\t\t\t\t\t\t\t\t\t\t\t\t\t\t<\/div>\n\t\t\t\t\t\t\t\t\t\t\t\t\t<div class=\"icon-list__text\">\n\t\t\t\t\t\t\t\tRoutebeschrijving\t\t\t\t\t\t\t<\/div>\n\t\t\t\t\t\t\t\t\t\t\t\t<\/div>\n\t\t\t\t\t\t\t\t\t\t\t<\/a>\n\t\t\t\t\t\t\t<\/div>\n\n\t\t<\/div><\/div><\/div><div id=\"pgc-3877-2-2\"  class=\"panel-grid-cell\" ><div id=\"panel-3877-2-2-0\" class=\"so-panel widget widget_sow-editor panel-first-child panel-last-child\" data-index=\"6\" ><div\n\t\t\t\n\t\t\tclass=\"so-widget-sow-editor so-widget-sow-editor-base\"\n\t\t\t\n\t\t>\n<div class=\"siteorigin-widget-tinymce textwidget\">\n\t<h4 style=\"text-align: center;\"><span style=\"color: #ff0000;\"><strong>Belangrijke links<\/strong><\/span><\/h4>\n<h6 style=\"text-align: center;\"><strong><a href=\"http:\/\/eminozmert.com\/\">Prof.Dr.Emin \u00d6ZMERT<\/a><\/strong><br \/>\n<strong><a href=\"https:\/\/drumutarslan.com\/\">Do\u00e7. Dr. Umut ARSLAN<\/a><\/strong><br \/>\n<strong><a href=\"http:\/\/www.todnet.org\/home\/\">T\u00fcrk Oftalmoloji Derne\u011fi<\/a><\/strong><\/h6>\n<\/div>\n<\/div><\/div><\/div><\/div><\/div><\/div>","protected":false},"excerpt":{"rendered":"<p>Een jurk: Buurt Be\u015ftepe, Leven cd. No:13\/A Neorama Office 56 (Naast Akparti Headquarters en TOBB ETU Hospital) S\u00f6\u011f\u00fct\u00f6z\u00fc \/ ANKARA Belangrijke links Prof.Dr.Emin \u00d6ZMERT Do\u00e7. Dr. Umut ARSLAN T\u00fcrk Oftalmoloji Derne\u011fi<\/p>\n","protected":false},"author":1,"featured_media":0,"parent":0,"menu_order":0,"comment_status":"closed","ping_status":"closed","template":"template-front-page-slider.php","meta":{"_monsterinsights_skip_tracking":false,"_monsterinsights_sitenote_active":false,"_monsterinsights_sitenote_note":"","_monsterinsights_sitenote_category":0,"footnotes":""},"class_list":{"0":"post-3877","1":"page","2":"type-page","3":"status-publish","5":"clearfix","6":"article"},"acf":[],"_links":{"self":[{"href":"https:\/\/bioretina.net\/nl\/wp-json\/wp\/v2\/pages\/3877","targetHints":{"allow":["GET"]}}],"collection":[{"href":"https:\/\/bioretina.net\/nl\/wp-json\/wp\/v2\/pages"}],"about":[{"href":"https:\/\/bioretina.net\/nl\/wp-json\/wp\/v2\/types\/page"}],"author":[{"embeddable":true,"href":"https:\/\/bioretina.net\/nl\/wp-json\/wp\/v2\/users\/1"}],"replies":[{"embeddable":true,"href":"https:\/\/bioretina.net\/nl\/wp-json\/wp\/v2\/comments?post=3877"}],"version-history":[{"count":15,"href":"https:\/\/bioretina.net\/nl\/wp-json\/wp\/v2\/pages\/3877\/revisions"}],"predecessor-version":[{"id":7229,"href":"https:\/\/bioretina.net\/nl\/wp-json\/wp\/v2\/pages\/3877\/revisions\/7229"}],"wp:attachment":[{"href":"https:\/\/bioretina.net\/nl\/wp-json\/wp\/v2\/media?parent=3877"}],"curies":[{"name":"wp","href":"https:\/\/api.w.org\/{rel}","templated":true}]}}