{"id":6566,"date":"2017-02-16T09:29:24","date_gmt":"2017-02-16T06:29:24","guid":{"rendered":"https:\/\/bioretina.net\/anasayfa-2\/"},"modified":"2023-01-14T15:39:11","modified_gmt":"2023-01-14T12:39:11","slug":"anasayfa-2","status":"publish","type":"page","link":"https:\/\/bioretina.net\/ru\/","title":{"rendered":"\u0414\u043e\u043c\u0430\u0448\u043d\u044f\u044f \u0441\u0442\u0440\u0430\u043d\u0438\u0446\u0430"},"content":{"rendered":"<div id=\"pl-6566\"  class=\"panel-layout\" ><div id=\"pg-6566-0\"  class=\"panel-grid panel-has-style\" ><div class=\"flexbox-row siteorigin-panels-stretch panel-row-style panel-row-style-for-6566-0\" data-stretch-type=\"full-stretched-padded\" ><div id=\"pgc-6566-0-0\"  class=\"panel-grid-cell\" ><div id=\"panel-6566-0-0-0\" class=\"so-panel widget widget_sow-button panel-first-child panel-last-child\" data-index=\"0\" ><div class=\"panel-widget-style panel-widget-style-for-6566-0-0-0\" ><div\n\t\t\t\n\t\t\tclass=\"so-widget-sow-button so-widget-sow-button-flat-c486ab205cae-6566\"\n\t\t\t\n\t\t><div class=\"ow-button-base ow-button-align-justify\">\n\t<a href=\"https:\/\/www.linkedin.com\/company\/bioretina\/\" class=\"ow-icon-placement-top ow-button-hover\" \t\t>\n\t\t<span>\n\t\t\t<span class=\"sow-icon-elegantline\" data-sow-icon=\"&#xe062;\"\n\t\t \n\t\taria-hidden=\"true\"><\/span>\n\t\t\t \u0441\u0432\u044f\u0437\u0430\u043d\u043d\u044b\u0439 \u0411\u0438\u043e\u0440\u0435\u0442\u0438\u043d\u0430\t\t<\/span>\n\t<\/a>\n<\/div>\n<\/div><\/div><\/div><\/div><div id=\"pgc-6566-0-1\"  class=\"panel-grid-cell\" ><div id=\"panel-6566-0-1-0\" class=\"so-panel widget widget_sow-button panel-first-child panel-last-child\" data-index=\"1\" ><div class=\"panel-widget-style panel-widget-style-for-6566-0-1-0\" ><div\n\t\t\t\n\t\t\tclass=\"so-widget-sow-button so-widget-sow-button-flat-4e7e20026d24-6566\"\n\t\t\t\n\t\t><div class=\"ow-button-base ow-button-align-justify\">\n\t<a href=\"https:\/\/bioretina.net\/en\/stem-cell-and-gene-therapy\/\" class=\"ow-icon-placement-top ow-button-hover\" \t\t>\n\t\t<span>\n\t\t\t<span class=\"sow-icon-fontawesome sow-far\" data-sow-icon=\"&#xf0f8;\"\n\t\t \n\t\taria-hidden=\"true\"><\/span>\n\t\t\t\u0420\u0435\u0433\u0435\u043d\u0435\u0440\u0430\u0442\u0438\u0432\u043d\u0430\u044f \u0432\u043e\u0441\u0441\u0442\u0430\u043d\u043e\u0432\u0438\u0442\u0435\u043b\u044c\u043d\u0430\u044f \u043c\u0435\u0434\u0438\u0446\u0438\u043d\u0430\t\t<\/span>\n\t<\/a>\n<\/div>\n<\/div><\/div><\/div><\/div><div id=\"pgc-6566-0-2\"  class=\"panel-grid-cell\" ><div id=\"panel-6566-0-2-0\" class=\"so-panel widget widget_sow-button panel-first-child panel-last-child\" data-index=\"2\" ><div class=\"panel-widget-style panel-widget-style-for-6566-0-2-0\" ><div\n\t\t\t\n\t\t\tclass=\"so-widget-sow-button so-widget-sow-button-flat-45295f9b84e2-6566\"\n\t\t\t\n\t\t><div class=\"ow-button-base ow-button-align-justify\">\n\t<a href=\"https:\/\/www.youtube.com\/watch?v=A6kJJSuYI_Q\" class=\"ow-icon-placement-top ow-button-hover\" \t\t>\n\t\t<span>\n\t\t\t<span class=\"sow-icon-fontawesome sow-far\" data-sow-icon=\"&#xf06e;\"\n\t\t \n\t\taria-hidden=\"true\"><\/span>\n\t\t\t\u0423\u043f\u0440\u0430\u0436\u043d\u0435\u043d\u0438\u044f \u0434\u043b\u044f \u0441\u0435\u0442\u0447\u0430\u0442\u043a\u0438\t\t<\/span>\n\t<\/a>\n<\/div>\n<\/div><\/div><\/div><\/div><\/div><\/div><div id=\"pg-6566-1\"  class=\"panel-grid panel-no-style\" ><div id=\"pgc-6566-1-0\"  class=\"panel-grid-cell\" ><div id=\"panel-6566-1-0-0\" class=\"so-panel widget widget_sow-post-carousel panel-first-child panel-last-child\" data-index=\"3\" ><div\n\t\t\t\n\t\t\tclass=\"so-widget-sow-post-carousel so-widget-sow-post-carousel-base-f79712cd714a-6566\"\n\t\t\t\n\t\t>\t<div\n\t\tclass=\"sow-post-carousel-wrapper sow-post-carousel-theme-base\"\n\t\tstyle=\"overflow: hidden; max-width: 100%; min-height: 182px\"\n\t>\n\t\t<div class=\"sow-carousel-title has-title\">\n\t<h3 class=\"widget-title\"><span class=\"widget-title__inline\"> \u0411\u043e\u043b\u0435\u0437\u043d\u0438<\/span><\/h3>\t\t<div class=\"sow-carousel-navigation \">\n\t\t\t\t\t\t<a href=\"#\" class=\"sow-carousel-next\" title=\"\u0414\u0430\u043b\u0435\u0435\" aria-label=\"\u0421\u043b\u0435\u0434\u0443\u044e\u0449\u0438\u0435 \u0437\u0430\u043f\u0438\u0441\u0438\" role=\"button\"><\/a>\n\t\t\t\t\t\t<a href=\"#\" class=\"sow-carousel-previous\" title=\"\u041f\u0440\u0435\u0434\u044b\u0434\u0443\u0449\u0438\u0439\" aria-label=\"\u041f\u0440\u0435\u0434\u044b\u0434\u0443\u0449\u0438\u0435 \u0437\u0430\u043f\u0438\u0441\u0438\" role=\"button\"><\/a>\n\t\t\t\t\t<\/div>\n\t<\/div>\n\n<div class=\"sow-carousel-container \">\n\t\t<div class=\"sow-carousel-wrapper\"\n\t\tdata-dir=\"ltr\"\n\t\tstyle=\"opacity: 0;\"\n\t\tdata-widget=\"post\" data-fetching=\"false\" data-page=\"1\" data-ajax-url=\"https:\/\/bioretina.net\/wp-admin\/admin-ajax.php?_widgets_nonce=bb92e24f8e\" data-item_count=\"8\" data-carousel_settings=\"{&quot;loop&quot;:true,&quot;animation&quot;:&quot;ease&quot;,&quot;animation_speed&quot;:800,&quot;autoplay&quot;:false,&quot;pauseOnHover&quot;:false,&quot;autoplaySpeed&quot;:8000,&quot;item_overflow&quot;:true,&quot;autoplay_continuous_scroll&quot;:false}\" data-responsive=\"{&quot;desktop_slides_to_scroll&quot;:1,&quot;tablet_landscape_breakpoint&quot;:1366,&quot;tablet_landscape_slides_to_scroll&quot;:2,&quot;tablet_portrait_breakpoint&quot;:1025,&quot;tablet_portrait_slides_to_scroll&quot;:2,&quot;mobile_breakpoint&quot;:480,&quot;mobile_slides_to_scroll&quot;:1}\" data-variable_width=\"true\" \t>\n\t\t<div\n\t\t\tclass=\"sow-carousel-items\"\n\t\t\t\t\t>\n\t\t\t\t<div class=\"sow-carousel-item\" tabindex=\"-1\" style=\"float: left;\">\n\t\t<div class=\"sow-carousel-thumbnail\">\n\t\t\t\t\t\t\t<a\n\t\t\t\thref=\"https:\/\/bioretina.net\/ru\/%d0%b3%d0%bb%d0%b0%d1%83%d0%ba%d0%be%d0%bc%d0%b0-%d0%b3%d0%bb%d0%b0%d0%b7%d0%bd%d0%be%d0%b5-%d0%b4%d0%b0%d0%b2%d0%bb%d0%b5%d0%bd%d0%b8%d0%b5\/\"\n\t\t\t\t\t\t\t\t\t\tstyle=\"background-image: url( https:\/\/bioretina.net\/wp-content\/uploads\/2017\/10\/glokom-nedir-272x182.jpg )\"\n\t\t\t\t\taria-labelledby=\"sow-carousel-id-7165\"\n\t\t\t\t\ttabindex=\"-1\"\n\t\t\t\t>\n\t\t\t\t\t<span class=\"overlay\"><\/span>\n\t\t\t\t<\/a>\n\t\t\t\t\t<\/div>\n\t\t<h3 class=\"sow-carousel-item-title\">\n\t\t\t<a\n\t\t\t\thref=\"https:\/\/bioretina.net\/ru\/%d0%b3%d0%bb%d0%b0%d1%83%d0%ba%d0%be%d0%bc%d0%b0-%d0%b3%d0%bb%d0%b0%d0%b7%d0%bd%d0%be%d0%b5-%d0%b4%d0%b0%d0%b2%d0%bb%d0%b5%d0%bd%d0%b8%d0%b5\/\"\n\t\t\t\tid=\"sow-carousel-id-7165\"\n\t\t\t\t\t\t\t\ttabindex=\"-1\"\n\t\t\t>\n\n\t\t\t\t\u0413\u043b\u0430\u0443\u043a\u043e\u043c\u0430 (\u0433\u043b\u0430\u0437\u043d\u043e\u0435 \u0434\u0430\u0432\u043b\u0435\u043d\u0438\u0435)\t\t\t<\/a>\n\t\t<\/h3>\n\t<\/div>\n\t<div class=\"sow-carousel-item\" tabindex=\"-1\" style=\"float: left;\">\n\t\t<div class=\"sow-carousel-thumbnail\">\n\t\t\t\t\t\t\t<a\n\t\t\t\thref=\"https:\/\/bioretina.net\/ru\/%d0%b4%d0%b5%d0%b3%d0%b5%d0%bd%d0%b5%d1%80%d0%b0%d1%86%d0%b8%d1%8f-%d0%b6%d0%b5%d0%bb%d1%82%d0%be%d0%b3%d0%be-%d0%bf%d1%8f%d1%82%d0%bd%d0%b0-%d1%81%d1%82%d0%b0%d1%80%d1%87%d0%b5%d1%81%d0%ba%d0%b0\/\"\n\t\t\t\t\t\t\t\t\t\tstyle=\"background-image: url( https:\/\/bioretina.net\/wp-content\/uploads\/2018\/06\/sari-nokta-13-272x182.jpg )\"\n\t\t\t\t\taria-labelledby=\"sow-carousel-id-7155\"\n\t\t\t\t\ttabindex=\"-1\"\n\t\t\t\t>\n\t\t\t\t\t<span class=\"overlay\"><\/span>\n\t\t\t\t<\/a>\n\t\t\t\t\t<\/div>\n\t\t<h3 class=\"sow-carousel-item-title\">\n\t\t\t<a\n\t\t\t\thref=\"https:\/\/bioretina.net\/ru\/%d0%b4%d0%b5%d0%b3%d0%b5%d0%bd%d0%b5%d1%80%d0%b0%d1%86%d0%b8%d1%8f-%d0%b6%d0%b5%d0%bb%d1%82%d0%be%d0%b3%d0%be-%d0%bf%d1%8f%d1%82%d0%bd%d0%b0-%d1%81%d1%82%d0%b0%d1%80%d1%87%d0%b5%d1%81%d0%ba%d0%b0\/\"\n\t\t\t\tid=\"sow-carousel-id-7155\"\n\t\t\t\t\t\t\t\ttabindex=\"-1\"\n\t\t\t>\n\n\t\t\t\t\u0414\u0435\u0433\u0435\u043d\u0435\u0440\u0430\u0446\u0438\u044f \u0436\u0435\u043b\u0442\u043e\u0433\u043e \u043f\u044f\u0442\u043d\u0430 (\u0441\u0442\u0430\u0440\u0447\u0435\u0441\u043a\u0430\u044f\/\u0432\u043e\u0437\u0440\u0430\u0441\u0442\u043d\u0430\u044f \u0434\u0435\u0433\u0435\u043d\u0435\u0440\u0430\u0446\u0438\u044f \u0436\u0435\u043b\u0442\u043e\u0433\u043e \u043f\u044f\u0442\u043d\u0430)\t\t\t<\/a>\n\t\t<\/h3>\n\t<\/div>\n\t<div class=\"sow-carousel-item\" tabindex=\"-1\" style=\"float: left;\">\n\t\t<div class=\"sow-carousel-thumbnail\">\n\t\t\t\t\t\t\t<a\n\t\t\t\thref=\"https:\/\/bioretina.net\/ru\/%d0%b7%d0%b0%d0%b1%d0%be%d0%bb%d0%b5%d0%b2%d0%b0%d0%bd%d0%b8%d1%8f-%d0%b7%d1%80%d0%b8%d1%82%d0%b5%d0%bb%d1%8c%d0%bd%d0%be%d0%b3%d0%be-%d0%bd%d0%b5%d1%80%d0%b2%d0%b0-%d0%b7%d1%80%d0%b8%d1%82%d0%b5\/\"\n\t\t\t\t\t\t\t\t\t\tstyle=\"background-image: url( https:\/\/bioretina.net\/wp-content\/uploads\/2018\/06\/optik-sinir-hasaliklari-1-272x182.jpg )\"\n\t\t\t\t\taria-labelledby=\"sow-carousel-id-7157\"\n\t\t\t\t\ttabindex=\"-1\"\n\t\t\t\t>\n\t\t\t\t\t<span class=\"overlay\"><\/span>\n\t\t\t\t<\/a>\n\t\t\t\t\t<\/div>\n\t\t<h3 class=\"sow-carousel-item-title\">\n\t\t\t<a\n\t\t\t\thref=\"https:\/\/bioretina.net\/ru\/%d0%b7%d0%b0%d0%b1%d0%be%d0%bb%d0%b5%d0%b2%d0%b0%d0%bd%d0%b8%d1%8f-%d0%b7%d1%80%d0%b8%d1%82%d0%b5%d0%bb%d1%8c%d0%bd%d0%be%d0%b3%d0%be-%d0%bd%d0%b5%d1%80%d0%b2%d0%b0-%d0%b7%d1%80%d0%b8%d1%82%d0%b5\/\"\n\t\t\t\tid=\"sow-carousel-id-7157\"\n\t\t\t\t\t\t\t\ttabindex=\"-1\"\n\t\t\t>\n\n\t\t\t\t\u0417\u0430\u0431\u043e\u043b\u0435\u0432\u0430\u043d\u0438\u044f \u0437\u0440\u0438\u0442\u0435\u043b\u044c\u043d\u043e\u0433\u043e \u043d\u0435\u0440\u0432\u0430 (\u0437\u0440\u0438\u0442\u0435\u043b\u044c\u043d\u044b\u0439 \u043d\u0435\u0440\u0432) \u0438 \u0437\u0440\u0438\u0442\u0435\u043b\u044c\u043d\u044b\u0445 \u043f\u0443\u0442\u0435\u0439 (\u043e\u043f\u0442\u0438\u0447\u0435\u0441\u043a\u0430\u044f \u043d\u0435\u0439\u0440\u043e\u043f\u0430\u0442\u0438\u044f)\t\t\t<\/a>\n\t\t<\/h3>\n\t<\/div>\n\t<div class=\"sow-carousel-item\" tabindex=\"-1\" style=\"float: left;\">\n\t\t<div class=\"sow-carousel-thumbnail\">\n\t\t\t\t\t\t\t<a\n\t\t\t\thref=\"https:\/\/bioretina.net\/ru\/%d0%bf%d0%b8%d0%b3%d0%bc%d0%b5%d0%bd%d1%82%d0%bd%d1%8b%d0%b9-%d1%80%d0%b5%d1%82%d0%b8%d0%bd%d0%b8%d1%82-rp-%d0%ba%d1%83%d1%80%d0%b8%d0%bd%d0%b0%d1%8f-%d1%81%d0%bb%d0%b5%d0%bf%d0%be%d1%82%d0%b0\/\"\n\t\t\t\t\t\t\t\t\t\tstyle=\"background-image: url( https:\/\/bioretina.net\/wp-content\/uploads\/2018\/06\/HER-YIL-GORME-KAYBI-VE-GORME-ALANINDA-DARALMA-ARTAR-272x182.jpg )\"\n\t\t\t\t\taria-labelledby=\"sow-carousel-id-7159\"\n\t\t\t\t\ttabindex=\"-1\"\n\t\t\t\t>\n\t\t\t\t\t<span class=\"overlay\"><\/span>\n\t\t\t\t<\/a>\n\t\t\t\t\t<\/div>\n\t\t<h3 class=\"sow-carousel-item-title\">\n\t\t\t<a\n\t\t\t\thref=\"https:\/\/bioretina.net\/ru\/%d0%bf%d0%b8%d0%b3%d0%bc%d0%b5%d0%bd%d1%82%d0%bd%d1%8b%d0%b9-%d1%80%d0%b5%d1%82%d0%b8%d0%bd%d0%b8%d1%82-rp-%d0%ba%d1%83%d1%80%d0%b8%d0%bd%d0%b0%d1%8f-%d1%81%d0%bb%d0%b5%d0%bf%d0%be%d1%82%d0%b0\/\"\n\t\t\t\tid=\"sow-carousel-id-7159\"\n\t\t\t\t\t\t\t\ttabindex=\"-1\"\n\t\t\t>\n\n\t\t\t\t\u041f\u0438\u0433\u043c\u0435\u043d\u0442\u043d\u044b\u0439 \u0440\u0435\u0442\u0438\u043d\u0438\u0442 (RP) \u041a\u0443\u0440\u0438\u043d\u0430\u044f \u0441\u043b\u0435\u043f\u043e\u0442\u0430\t\t\t<\/a>\n\t\t<\/h3>\n\t<\/div>\n\t<div class=\"sow-carousel-item\" tabindex=\"-1\" style=\"float: left;\">\n\t\t<div class=\"sow-carousel-thumbnail\">\n\t\t\t\t\t\t\t<a\n\t\t\t\thref=\"https:\/\/bioretina.net\/ru\/%d0%be%d1%82%d1%81%d0%bb%d0%be%d0%b5%d0%bd%d0%b8%d0%b5-%d1%81%d0%b5%d1%82%d1%87%d0%b0%d1%82%d0%ba%d0%b8\/\"\n\t\t\t\t\t\t\t\t\t\tstyle=\"background-image: url( https:\/\/bioretina.net\/wp-content\/uploads\/2018\/06\/RETINA-DEKOLMANI-11-272x182.jpg )\"\n\t\t\t\t\taria-labelledby=\"sow-carousel-id-7161\"\n\t\t\t\t\ttabindex=\"-1\"\n\t\t\t\t>\n\t\t\t\t\t<span class=\"overlay\"><\/span>\n\t\t\t\t<\/a>\n\t\t\t\t\t<\/div>\n\t\t<h3 class=\"sow-carousel-item-title\">\n\t\t\t<a\n\t\t\t\thref=\"https:\/\/bioretina.net\/ru\/%d0%be%d1%82%d1%81%d0%bb%d0%be%d0%b5%d0%bd%d0%b8%d0%b5-%d1%81%d0%b5%d1%82%d1%87%d0%b0%d1%82%d0%ba%d0%b8\/\"\n\t\t\t\tid=\"sow-carousel-id-7161\"\n\t\t\t\t\t\t\t\ttabindex=\"-1\"\n\t\t\t>\n\n\t\t\t\t\u041e\u0442\u0441\u043b\u043e\u0435\u043d\u0438\u0435 \u0441\u0435\u0442\u0447\u0430\u0442\u043a\u0438\t\t\t<\/a>\n\t\t<\/h3>\n\t<\/div>\n\t<div class=\"sow-carousel-item\" tabindex=\"-1\" style=\"float: left;\">\n\t\t<div class=\"sow-carousel-thumbnail\">\n\t\t\t\t\t\t\t<a\n\t\t\t\thref=\"https:\/\/bioretina.net\/ru\/%d0%ba%d0%b0%d1%82%d0%b0%d1%80%d0%b0%d0%ba%d1%82%d0%b0\/\"\n\t\t\t\t\t\t\t\t\t\tstyle=\"background-image: url( https:\/\/bioretina.net\/wp-content\/uploads\/2018\/06\/katarakt-6-272x182.jpg )\"\n\t\t\t\t\taria-labelledby=\"sow-carousel-id-7163\"\n\t\t\t\t\ttabindex=\"-1\"\n\t\t\t\t>\n\t\t\t\t\t<span class=\"overlay\"><\/span>\n\t\t\t\t<\/a>\n\t\t\t\t\t<\/div>\n\t\t<h3 class=\"sow-carousel-item-title\">\n\t\t\t<a\n\t\t\t\thref=\"https:\/\/bioretina.net\/ru\/%d0%ba%d0%b0%d1%82%d0%b0%d1%80%d0%b0%d0%ba%d1%82%d0%b0\/\"\n\t\t\t\tid=\"sow-carousel-id-7163\"\n\t\t\t\t\t\t\t\ttabindex=\"-1\"\n\t\t\t>\n\n\t\t\t\t\u041a\u0430\u0442\u0430\u0440\u0430\u043a\u0442\u0430\t\t\t<\/a>\n\t\t<\/h3>\n\t<\/div>\n\t<div class=\"sow-carousel-item\" tabindex=\"-1\" style=\"float: left;\">\n\t\t<div class=\"sow-carousel-thumbnail\">\n\t\t\t\t\t\t\t<a\n\t\t\t\thref=\"https:\/\/bioretina.net\/ru\/%d0%b4%d0%b8%d0%b0%d0%b1%d0%b5%d1%82%d0%b8%d1%87%d0%b5%d1%81%d0%ba%d0%b0%d1%8f-%d1%80%d0%b5%d1%82%d0%b8%d0%bd%d0%be%d0%bf%d0%b0%d1%82%d0%b8%d1%8f-%d0%ba%d1%80%d0%be%d0%b2%d0%be%d1%82%d0%b5%d1%87\/\"\n\t\t\t\t\t\t\t\t\t\tstyle=\"background-image: url( https:\/\/bioretina.net\/wp-content\/uploads\/2017\/10\/DIYABETIK-RETINOPATI-8-1-272x182.jpg )\"\n\t\t\t\t\taria-labelledby=\"sow-carousel-id-7169\"\n\t\t\t\t\ttabindex=\"-1\"\n\t\t\t\t>\n\t\t\t\t\t<span class=\"overlay\"><\/span>\n\t\t\t\t<\/a>\n\t\t\t\t\t<\/div>\n\t\t<h3 class=\"sow-carousel-item-title\">\n\t\t\t<a\n\t\t\t\thref=\"https:\/\/bioretina.net\/ru\/%d0%b4%d0%b8%d0%b0%d0%b1%d0%b5%d1%82%d0%b8%d1%87%d0%b5%d1%81%d0%ba%d0%b0%d1%8f-%d1%80%d0%b5%d1%82%d0%b8%d0%bd%d0%be%d0%bf%d0%b0%d1%82%d0%b8%d1%8f-%d0%ba%d1%80%d0%be%d0%b2%d0%be%d1%82%d0%b5%d1%87\/\"\n\t\t\t\tid=\"sow-carousel-id-7169\"\n\t\t\t\t\t\t\t\ttabindex=\"-1\"\n\t\t\t>\n\n\t\t\t\t\u0414\u0438\u0430\u0431\u0435\u0442\u0438\u0447\u0435\u0441\u043a\u0430\u044f \u0440\u0435\u0442\u0438\u043d\u043e\u043f\u0430\u0442\u0438\u044f (\u043a\u0440\u043e\u0432\u043e\u0442\u0435\u0447\u0435\u043d\u0438\u0435 \u0438\u0437-\u0437\u0430 \u0434\u0438\u0430\u0431\u0435\u0442\u0430)\t\t\t<\/a>\n\t\t<\/h3>\n\t<\/div>\n\t<div class=\"sow-carousel-item\" tabindex=\"-1\" style=\"float: left;\">\n\t\t<div class=\"sow-carousel-thumbnail\">\n\t\t\t\t\t\t\t<a\n\t\t\t\thref=\"https:\/\/bioretina.net\/ru\/%d1%81%d0%be%d1%81%d1%83%d0%b4%d0%b8%d1%81%d1%82%d1%8b%d0%b5-%d0%be%d0%ba%d0%ba%d0%bb%d1%8e%d0%b7%d0%b8%d0%b8-%d1%81%d0%b5%d1%82%d1%87%d0%b0%d1%82%d0%ba%d0%b8\/\"\n\t\t\t\t\t\t\t\t\t\tstyle=\"background-image: url( https:\/\/bioretina.net\/wp-content\/uploads\/2018\/06\/retina-damar-tikanikligi-1-272x182.jpg )\"\n\t\t\t\t\taria-labelledby=\"sow-carousel-id-6696\"\n\t\t\t\t\ttabindex=\"-1\"\n\t\t\t\t>\n\t\t\t\t\t<span class=\"overlay\"><\/span>\n\t\t\t\t<\/a>\n\t\t\t\t\t<\/div>\n\t\t<h3 class=\"sow-carousel-item-title\">\n\t\t\t<a\n\t\t\t\thref=\"https:\/\/bioretina.net\/ru\/%d1%81%d0%be%d1%81%d1%83%d0%b4%d0%b8%d1%81%d1%82%d1%8b%d0%b5-%d0%be%d0%ba%d0%ba%d0%bb%d1%8e%d0%b7%d0%b8%d0%b8-%d1%81%d0%b5%d1%82%d1%87%d0%b0%d1%82%d0%ba%d0%b8\/\"\n\t\t\t\tid=\"sow-carousel-id-6696\"\n\t\t\t\t\t\t\t\ttabindex=\"-1\"\n\t\t\t>\n\n\t\t\t\t\u0421\u043e\u0441\u0443\u0434\u0438\u0441\u0442\u044b\u0435 \u043e\u043a\u043a\u043b\u044e\u0437\u0438\u0438 \u0441\u0435\u0442\u0447\u0430\u0442\u043a\u0438\t\t\t<\/a>\n\t\t<\/h3>\n\t<\/div>\n\t\t<\/div>\n\t\t\t<\/div>\n\n\t<\/div>\n\t\t<input type=\"hidden\" name=\"instance_hash\" value=\"68df724f\"\/>\n\t<\/div>\n<\/div><\/div><\/div><\/div><div id=\"pg-6566-2\"  class=\"panel-grid panel-has-style\" ><div class=\"siteorigin-panels-stretch panel-row-style panel-row-style-for-6566-2\" data-stretch-type=\"full\" ><div id=\"pgc-6566-2-0\"  class=\"panel-grid-cell\" ><div id=\"panel-6566-2-0-0\" class=\"so-panel widget widget_sow-editor panel-first-child panel-last-child\" data-index=\"4\" ><div class=\"panel-widget-style panel-widget-style-for-6566-2-0-0\" ><div\n\t\t\t\n\t\t\tclass=\"so-widget-sow-editor so-widget-sow-editor-base\"\n\t\t\t\n\t\t>\n<div class=\"siteorigin-widget-tinymce textwidget\">\n\t<h4><strong><span style=\"color: #ff0000;\">\u0410\u0434\u0440\u0435\u0441<\/span>:<\/strong><\/h4>\n<h6>Be\u015ftepe Neighborhood,<br \/>\nLife Cd. No:13\/A Neorama Office 56<br \/>\n(Next to Akparti Headquarters and TOBB ETU Hospital)<br \/>\nS\u00f6\u011f\u00fct\u00f6z\u00fc \/ ANKARA<\/h6>\n<\/div>\n<\/div><\/div><\/div><\/div><div id=\"pgc-6566-2-1\"  class=\"panel-grid-cell\" ><div id=\"panel-6566-2-1-0\" class=\"so-panel widget widget_pw_icon_list widget-icon-list panel-first-child panel-last-child\" data-index=\"5\" ><div class=\"panel-widget-style panel-widget-style-for-6566-2-1-0\" >\t\t\t<div class=\"icon-list\">\n\t\t\t\t\n\t\t\t\t\t<div class=\"icon-list__item  icon-list__item--featured\">\n\t\t\t\t\t\t<i class=\"fa  fa-whatsapp\" aria-hidden=\"true\"><\/i>\n\t\t\t\t\t\t\t\t\t\t\t\t<div class=\"icon-list__content\">\n\t\t\t\t\t\t\t<div class=\"icon-list__description\">\n\t\t\t\t\t\t\t\t\u041d\u043e\u043c\u0435\u0440 WhatsApp\t\t\t\t\t\t\t<\/div>\n\t\t\t\t\t\t\t\t\t\t\t\t\t<div class=\"icon-list__text\">\n\t\t\t\t\t\t\t\t+90 0505 502 51 66\t\t\t\t\t\t\t<\/div>\n\t\t\t\t\t\t\t\t\t\t\t\t<\/div>\n\t\t\t\t\t\t\t\t\t\t\t<\/div>\n\t\t\t\t\n\t\t\t\t\t<div class=\"icon-list__item  icon-list__item--featured\">\n\t\t\t\t\t\t<i class=\"fa  fa-phone\" aria-hidden=\"true\"><\/i>\n\t\t\t\t\t\t\t\t\t\t\t\t<div class=\"icon-list__content\">\n\t\t\t\t\t\t\t<div class=\"icon-list__description\">\n\t\t\t\t\t\t\t\tOur Contact Number\t\t\t\t\t\t\t<\/div>\n\t\t\t\t\t\t\t\t\t\t\t\t\t<div class=\"icon-list__text\">\n\t\t\t\t\t\t\t\t+90 0312 284 43 13\t\t\t\t\t\t\t<\/div>\n\t\t\t\t\t\t\t\t\t\t\t\t<\/div>\n\t\t\t\t\t\t\t\t\t\t\t<\/div>\n\t\t\t\t\n\t\t\t\t\t<a href=\"https:\/\/goo.gl\/maps\/Nhbj8M3B2Gw\" class=\"icon-list__item  icon-list__item--featured\">\n\t\t\t\t\t\t<i class=\"fa  fa-map-marker\" aria-hidden=\"true\"><\/i>\n\t\t\t\t\t\t\t\t\t\t\t\t<div class=\"icon-list__content\">\n\t\t\t\t\t\t\t<div class=\"icon-list__description\">\n\t\t\t\t\t\t\t\t\t\t\t\t\t\t\t<\/div>\n\t\t\t\t\t\t\t\t\t\t\t\t\t<div class=\"icon-list__text\">\n\t\t\t\t\t\t\t\tDirections\t\t\t\t\t\t\t<\/div>\n\t\t\t\t\t\t\t\t\t\t\t\t<\/div>\n\t\t\t\t\t\t\t\t\t\t\t<\/a>\n\t\t\t\t\t\t\t<\/div>\n\n\t\t<\/div><\/div><\/div><div id=\"pgc-6566-2-2\"  class=\"panel-grid-cell\" ><div id=\"panel-6566-2-2-0\" class=\"so-panel widget widget_sow-editor panel-first-child panel-last-child\" data-index=\"6\" ><div\n\t\t\t\n\t\t\tclass=\"so-widget-sow-editor so-widget-sow-editor-base\"\n\t\t\t\n\t\t>\n<div class=\"siteorigin-widget-tinymce textwidget\">\n\t<h4 style=\"text-align: center;\"><span style=\"color: #ff0000;\"><strong>\u0412\u0430\u0436\u043d\u044b\u0435 \u0441\u0441\u044b\u043b\u043a\u0438<\/strong><\/span><\/h4>\n<h6 style=\"text-align: center;\"><strong><a href=\"http:\/\/eminozmert.com\/\">Prof.Dr.Emin \u00d6ZMERT<\/a><\/strong><br \/>\n<strong><a href=\"https:\/\/drumutarslan.com\/\">Do\u00e7. Dr. Umut ARSLAN<\/a><\/strong><br \/>\n<strong><a href=\"http:\/\/www.todnet.org\/home\/\">T\u00fcrk Oftalmoloji Derne\u011fi<\/a><\/strong><\/h6>\n<\/div>\n<\/div><\/div><\/div><\/div><\/div><\/div>","protected":false},"excerpt":{"rendered":"<p>INTRAVITREAL ANTIVEGF\/OZURDEX \u0418\u041d\u042a\u0415\u041a\u0426\u0418\u0418 \u041c\u0418\u041a\u0420\u041e\u0418\u041c\u041f\u0423\u041b\u042c\u0421\u041d\u0410\u042f \u041f\u041e\u0414\u041f\u041e\u0417\u0418\u041c\u041e\u0412\u0410\u042f \u041b\u0410\u0417\u0415\u0420\u041d\u0410\u042f \u0424\u041e\u0422\u041e\u0421\u0422\u0418\u041c\u0423\u041b\u042f\u0426\u0418\u042f \u0418\u041d\u042a\u0415\u041a\u0426\u0418\u0418 \u0424\u0410\u041a\u0422\u041e\u0420\u0410 \u0420\u041e\u0421\u0422\u0410 PRP \u041c\u0410\u0413\u041d\u041e\u0412\u0418\u0417\u0418\u041e\u041d\u041d\u0410\u042f \u0422\u0415\u0420\u0410\u041f\u0418\u042f &nbsp; \u0412\u0435\u043d\u044b \u0441\u0435\u0442\u0447\u0430\u0442\u043a\u0438 \u043c\u043e\u0433\u0443\u0442 \u043e\u043a\u043a\u043b\u044e\u0437\u0438\u0440\u043e\u0432\u0430\u0442\u044c \u0443 \u043f\u0430\u0446\u0438\u0435\u043d\u0442\u043e\u0432 \u0441 \u0433\u0438\u043f\u0435\u0440\u0442\u043e\u043d\u0438\u0435\u0439, \u0434\u0438\u0430\u0431\u0435\u0442\u043e\u043c, \u0441\u0435\u0440\u0434\u0435\u0447\u043d\u043e-\u0441\u043e\u0441\u0443\u0434\u0438\u0441\u0442\u044b\u043c\u0438 \u0437\u0430\u0431\u043e\u043b\u0435\u0432\u0430\u043d\u0438\u044f\u043c\u0438 \u0438\u043b\u0438 \u0433\u043b\u0430\u0443\u043a\u043e\u0437\u043e\u043c. \u042d\u0442\u0430 \u043e\u043a\u043a\u043b\u044e\u0437\u0438\u044f \u043c\u043e\u0436\u0435\u0442 \u0432\u043e\u0437\u043d\u0438\u043a\u0430\u0442\u044c \u0442\u043e\u043b\u044c\u043a\u043e \u0432 \u043e\u0434\u043d\u043e\u0439 \u0432\u0435\u0442\u0432\u0438 \u0432\u0435\u043d\u044b, \u0430 \u0442\u0430\u043a\u0436\u0435 \u043c\u043e\u0436\u0435\u0442 \u0432\u043e\u0437\u043d\u0438\u043a\u0430\u0442\u044c \u0432 \u0432\u0438\u0434\u0435 \u043e\u043a\u043a\u043b\u044e\u0437\u0438\u0438 \u043a\u043e\u0440\u043d\u0435\u0432\u043e\u0439 \u0432\u0435\u043d\u044b \u0441\u0435\u0442\u0447\u0430\u0442\u043a\u0438 \u0432 \u043c\u0435\u0441\u0442\u0435 \u0432\u044b\u0445\u043e\u0434\u0430 \u0437\u0440\u0438\u0442\u0435\u043b\u044c\u043d\u043e\u0433\u043e \u043d\u0435\u0440\u0432\u0430. &nbsp; \u0417\u0430 \u043e\u043a\u043a\u043b\u044e\u0437\u0438\u0435\u0439 \u043f\u043e\u0432\u044b\u0448\u0430\u0435\u0442\u0441\u044f &hellip;<\/p>\n","protected":false},"author":1,"featured_media":0,"parent":0,"menu_order":0,"comment_status":"closed","ping_status":"closed","template":"template-front-page-slider.php","meta":{"_monsterinsights_skip_tracking":false,"_monsterinsights_sitenote_active":false,"_monsterinsights_sitenote_note":"","_monsterinsights_sitenote_category":0,"footnotes":""},"class_list":{"0":"post-6566","1":"page","2":"type-page","3":"status-publish","5":"clearfix","6":"article"},"acf":[],"_links":{"self":[{"href":"https:\/\/bioretina.net\/ru\/wp-json\/wp\/v2\/pages\/6566","targetHints":{"allow":["GET"]}}],"collection":[{"href":"https:\/\/bioretina.net\/ru\/wp-json\/wp\/v2\/pages"}],"about":[{"href":"https:\/\/bioretina.net\/ru\/wp-json\/wp\/v2\/types\/page"}],"author":[{"embeddable":true,"href":"https:\/\/bioretina.net\/ru\/wp-json\/wp\/v2\/users\/1"}],"replies":[{"embeddable":true,"href":"https:\/\/bioretina.net\/ru\/wp-json\/wp\/v2\/comments?post=6566"}],"version-history":[{"count":10,"href":"https:\/\/bioretina.net\/ru\/wp-json\/wp\/v2\/pages\/6566\/revisions"}],"predecessor-version":[{"id":7227,"href":"https:\/\/bioretina.net\/ru\/wp-json\/wp\/v2\/pages\/6566\/revisions\/7227"}],"wp:attachment":[{"href":"https:\/\/bioretina.net\/ru\/wp-json\/wp\/v2\/media?parent=6566"}],"curies":[{"name":"wp","href":"https:\/\/api.w.org\/{rel}","templated":true}]}}